{"id":778,"date":"2023-05-08T12:50:22","date_gmt":"2023-05-08T12:50:22","guid":{"rendered":"https:\/\/etreasaplace.ch\/en\/\/?post_type=product&#038;p=778"},"modified":"2024-07-19T09:47:47","modified_gmt":"2024-07-19T09:47:47","slug":"burn-out","status":"publish","type":"product","link":"https:\/\/etreasaplace.ch\/en\/product\/burn-out\/","title":{"rendered":"Soin Burn-out"},"content":{"rendered":"","protected":false},"excerpt":{"rendered":"<p>Ce soin est particuli\u00e8rement efficace pour se lib\u00e9rer du Burn out, de la d\u00e9pression, de peurs r\u00e9currentes, de blocages \u00e9motionnelles et physiques. C&#8217;est une v\u00e9ritable main tendue, en effet je vous accompagne pour retrouver votre estime, votre vitalit\u00e9, votre joie de vivre.<\/p>\n<p>Les s\u00e9ances durent 1 H et peuvent se faire \u00e0 distance par Skype: michael_lallemand ou sur WhatsApp: +41(0)786150139<\/p>\n<p>Veuillez prendre rendez-vous avant m\u00eame de payer une s\u00e9ance, en me contactant directement sur mon num\u00e9ro de t\u00e9l\u00e9phone au +41(0)786150139<\/p>\n<p>Au plaisir de vous rencontrer.<\/p>\n","protected":false},"featured_media":471,"template":"","meta":[],"product_brand":[],"product_cat":[50],"product_tag":[],"class_list":{"0":"post-778","1":"product","2":"type-product","3":"status-publish","4":"has-post-thumbnail","6":"product_cat-soins","7":"entry","9":"first","10":"instock","11":"shipping-taxable","12":"purchasable","13":"product-type-simple"},"acf":[],"yoast_head":"<!-- This site is optimized with the Yoast SEO plugin v27.2 - https:\/\/yoast.com\/product\/yoast-seo-wordpress\/ -->\n<title>Soin Burn-out - Etre-a-sa-place<\/title>\n<meta name=\"robots\" content=\"noindex, follow, max-snippet:-1, max-image-preview:large, max-video-preview:-1\" \/>\n<meta property=\"og:locale\" content=\"en_US\" \/>\n<meta property=\"og:type\" content=\"article\" \/>\n<meta property=\"og:title\" content=\"Soin Burn-out - Etre-a-sa-place\" \/>\n<meta property=\"og:description\" content=\"Ce soin est particuli\u00e8rement efficace pour se lib\u00e9rer du Burn out, de la d\u00e9pression, de peurs r\u00e9currentes, de blocages \u00e9motionnelles et physiques. C&#039;est une v\u00e9ritable main tendue, en effet je vous accompagne pour retrouver votre estime, votre vitalit\u00e9, votre joie de vivre.  Les s\u00e9ances durent 1 H et peuvent se faire \u00e0 distance par Skype: michael_lallemand ou sur WhatsApp: +41(0)786150139  Veuillez prendre rendez-vous avant m\u00eame de payer une s\u00e9ance, en me contactant directement sur mon num\u00e9ro de t\u00e9l\u00e9phone au +41(0)786150139  Au plaisir de vous rencontrer.\" \/>\n<meta property=\"og:url\" content=\"https:\/\/etreasaplace.ch\/en\/product\/burn-out\/\" \/>\n<meta property=\"og:site_name\" content=\"Etre-a-sa-place\" \/>\n<meta property=\"article:modified_time\" content=\"2024-07-19T09:47:47+00:00\" \/>\n<meta property=\"og:image\" content=\"https:\/\/etreasaplace.ch\/en\/wp-content\/uploads\/2023\/04\/energy_healing-1.jpg\" \/>\n\t<meta property=\"og:image:width\" content=\"1920\" \/>\n\t<meta property=\"og:image:height\" content=\"1283\" \/>\n\t<meta property=\"og:image:type\" content=\"image\/jpeg\" \/>\n<meta name=\"twitter:card\" content=\"summary_large_image\" \/>\n<script type=\"application\/ld+json\" class=\"yoast-schema-graph\">{\"@context\":\"https:\/\/schema.org\",\"@graph\":[{\"@type\":\"WebPage\",\"@id\":\"https:\/\/etreasaplace.ch\/en\/product\/burn-out\/\",\"url\":\"https:\/\/etreasaplace.ch\/en\/product\/burn-out\/\",\"name\":\"Soin Burn-out - Etre-a-sa-place\",\"isPartOf\":{\"@id\":\"https:\/\/etreasaplace.ch\/en\/#website\"},\"primaryImageOfPage\":{\"@id\":\"https:\/\/etreasaplace.ch\/en\/product\/burn-out\/#primaryimage\"},\"image\":{\"@id\":\"https:\/\/etreasaplace.ch\/en\/product\/burn-out\/#primaryimage\"},\"thumbnailUrl\":\"https:\/\/etreasaplace.ch\/en\/wp-content\/uploads\/2023\/04\/energy_healing-1.jpg\",\"datePublished\":\"2023-05-08T12:50:22+00:00\",\"dateModified\":\"2024-07-19T09:47:47+00:00\",\"breadcrumb\":{\"@id\":\"https:\/\/etreasaplace.ch\/en\/product\/burn-out\/#breadcrumb\"},\"inLanguage\":\"en-US\",\"potentialAction\":[{\"@type\":\"ReadAction\",\"target\":[\"https:\/\/etreasaplace.ch\/en\/product\/burn-out\/\"]}]},{\"@type\":\"ImageObject\",\"inLanguage\":\"en-US\",\"@id\":\"https:\/\/etreasaplace.ch\/en\/product\/burn-out\/#primaryimage\",\"url\":\"https:\/\/etreasaplace.ch\/en\/wp-content\/uploads\/2023\/04\/energy_healing-1.jpg\",\"contentUrl\":\"https:\/\/etreasaplace.ch\/en\/wp-content\/uploads\/2023\/04\/energy_healing-1.jpg\",\"width\":1920,\"height\":1283,\"caption\":\"Soin Burn out\"},{\"@type\":\"BreadcrumbList\",\"@id\":\"https:\/\/etreasaplace.ch\/en\/product\/burn-out\/#breadcrumb\",\"itemListElement\":[{\"@type\":\"ListItem\",\"position\":1,\"name\":\"Home\",\"item\":\"https:\/\/etreasaplace.ch\/en\/\"},{\"@type\":\"ListItem\",\"position\":2,\"name\":\"Shop\",\"item\":\"https:\/\/etreasaplace.ch\/en\/?page_id=74\"},{\"@type\":\"ListItem\",\"position\":3,\"name\":\"Soin Burn-out\"}]},{\"@type\":\"WebSite\",\"@id\":\"https:\/\/etreasaplace.ch\/en\/#website\",\"url\":\"https:\/\/etreasaplace.ch\/en\/\",\"name\":\"Etre-a-sa-place\",\"description\":\"\",\"publisher\":{\"@id\":\"https:\/\/etreasaplace.ch\/en\/#organization\"},\"potentialAction\":[{\"@type\":\"SearchAction\",\"target\":{\"@type\":\"EntryPoint\",\"urlTemplate\":\"https:\/\/etreasaplace.ch\/en\/?s={search_term_string}\"},\"query-input\":{\"@type\":\"PropertyValueSpecification\",\"valueRequired\":true,\"valueName\":\"search_term_string\"}}],\"inLanguage\":\"en-US\"},{\"@type\":\"Organization\",\"@id\":\"https:\/\/etreasaplace.ch\/en\/#organization\",\"name\":\"Etre-a-sa-place\",\"url\":\"https:\/\/etreasaplace.ch\/en\/\",\"logo\":{\"@type\":\"ImageObject\",\"inLanguage\":\"en-US\",\"@id\":\"https:\/\/etreasaplace.ch\/en\/#\/schema\/logo\/image\/\",\"url\":\"https:\/\/etreasaplace.ch\/en\/wp-content\/uploads\/2023\/04\/logo-svg-1.jpg\",\"contentUrl\":\"https:\/\/etreasaplace.ch\/en\/wp-content\/uploads\/2023\/04\/logo-svg-1.jpg\",\"width\":400,\"height\":162,\"caption\":\"Etre-a-sa-place\"},\"image\":{\"@id\":\"https:\/\/etreasaplace.ch\/en\/#\/schema\/logo\/image\/\"}}]}<\/script>\n<!-- \/ Yoast SEO plugin. -->","yoast_head_json":{"title":"Soin Burn-out - Etre-a-sa-place","robots":{"index":"noindex","follow":"follow","max-snippet":"max-snippet:-1","max-image-preview":"max-image-preview:large","max-video-preview":"max-video-preview:-1"},"og_locale":"en_US","og_type":"article","og_title":"Soin Burn-out - Etre-a-sa-place","og_description":"Ce soin est particuli\u00e8rement efficace pour se lib\u00e9rer du Burn out, de la d\u00e9pression, de peurs r\u00e9currentes, de blocages \u00e9motionnelles et physiques. C'est une v\u00e9ritable main tendue, en effet je vous accompagne pour retrouver votre estime, votre vitalit\u00e9, votre joie de vivre.  Les s\u00e9ances durent 1 H et peuvent se faire \u00e0 distance par Skype: michael_lallemand ou sur WhatsApp: +41(0)786150139  Veuillez prendre rendez-vous avant m\u00eame de payer une s\u00e9ance, en me contactant directement sur mon num\u00e9ro de t\u00e9l\u00e9phone au +41(0)786150139  Au plaisir de vous rencontrer.","og_url":"https:\/\/etreasaplace.ch\/en\/product\/burn-out\/","og_site_name":"Etre-a-sa-place","article_modified_time":"2024-07-19T09:47:47+00:00","og_image":[{"width":1920,"height":1283,"url":"https:\/\/etreasaplace.ch\/en\/wp-content\/uploads\/2023\/04\/energy_healing-1.jpg","type":"image\/jpeg"}],"twitter_card":"summary_large_image","schema":{"@context":"https:\/\/schema.org","@graph":[{"@type":"WebPage","@id":"https:\/\/etreasaplace.ch\/en\/product\/burn-out\/","url":"https:\/\/etreasaplace.ch\/en\/product\/burn-out\/","name":"Soin Burn-out - Etre-a-sa-place","isPartOf":{"@id":"https:\/\/etreasaplace.ch\/en\/#website"},"primaryImageOfPage":{"@id":"https:\/\/etreasaplace.ch\/en\/product\/burn-out\/#primaryimage"},"image":{"@id":"https:\/\/etreasaplace.ch\/en\/product\/burn-out\/#primaryimage"},"thumbnailUrl":"https:\/\/etreasaplace.ch\/en\/wp-content\/uploads\/2023\/04\/energy_healing-1.jpg","datePublished":"2023-05-08T12:50:22+00:00","dateModified":"2024-07-19T09:47:47+00:00","breadcrumb":{"@id":"https:\/\/etreasaplace.ch\/en\/product\/burn-out\/#breadcrumb"},"inLanguage":"en-US","potentialAction":[{"@type":"ReadAction","target":["https:\/\/etreasaplace.ch\/en\/product\/burn-out\/"]}]},{"@type":"ImageObject","inLanguage":"en-US","@id":"https:\/\/etreasaplace.ch\/en\/product\/burn-out\/#primaryimage","url":"https:\/\/etreasaplace.ch\/en\/wp-content\/uploads\/2023\/04\/energy_healing-1.jpg","contentUrl":"https:\/\/etreasaplace.ch\/en\/wp-content\/uploads\/2023\/04\/energy_healing-1.jpg","width":1920,"height":1283,"caption":"Soin Burn out"},{"@type":"BreadcrumbList","@id":"https:\/\/etreasaplace.ch\/en\/product\/burn-out\/#breadcrumb","itemListElement":[{"@type":"ListItem","position":1,"name":"Home","item":"https:\/\/etreasaplace.ch\/en\/"},{"@type":"ListItem","position":2,"name":"Shop","item":"https:\/\/etreasaplace.ch\/en\/?page_id=74"},{"@type":"ListItem","position":3,"name":"Soin Burn-out"}]},{"@type":"WebSite","@id":"https:\/\/etreasaplace.ch\/en\/#website","url":"https:\/\/etreasaplace.ch\/en\/","name":"Etre-a-sa-place","description":"","publisher":{"@id":"https:\/\/etreasaplace.ch\/en\/#organization"},"potentialAction":[{"@type":"SearchAction","target":{"@type":"EntryPoint","urlTemplate":"https:\/\/etreasaplace.ch\/en\/?s={search_term_string}"},"query-input":{"@type":"PropertyValueSpecification","valueRequired":true,"valueName":"search_term_string"}}],"inLanguage":"en-US"},{"@type":"Organization","@id":"https:\/\/etreasaplace.ch\/en\/#organization","name":"Etre-a-sa-place","url":"https:\/\/etreasaplace.ch\/en\/","logo":{"@type":"ImageObject","inLanguage":"en-US","@id":"https:\/\/etreasaplace.ch\/en\/#\/schema\/logo\/image\/","url":"https:\/\/etreasaplace.ch\/en\/wp-content\/uploads\/2023\/04\/logo-svg-1.jpg","contentUrl":"https:\/\/etreasaplace.ch\/en\/wp-content\/uploads\/2023\/04\/logo-svg-1.jpg","width":400,"height":162,"caption":"Etre-a-sa-place"},"image":{"@id":"https:\/\/etreasaplace.ch\/en\/#\/schema\/logo\/image\/"}}]}},"post_mailing_queue_ids":[],"_links":{"self":[{"href":"https:\/\/etreasaplace.ch\/en\/wp-json\/wp\/v2\/product\/778","targetHints":{"allow":["GET"]}}],"collection":[{"href":"https:\/\/etreasaplace.ch\/en\/wp-json\/wp\/v2\/product"}],"about":[{"href":"https:\/\/etreasaplace.ch\/en\/wp-json\/wp\/v2\/types\/product"}],"wp:featuredmedia":[{"embeddable":true,"href":"https:\/\/etreasaplace.ch\/en\/wp-json\/wp\/v2\/media\/471"}],"wp:attachment":[{"href":"https:\/\/etreasaplace.ch\/en\/wp-json\/wp\/v2\/media?parent=778"}],"wp:term":[{"taxonomy":"product_brand","embeddable":true,"href":"https:\/\/etreasaplace.ch\/en\/wp-json\/wp\/v2\/product_brand?post=778"},{"taxonomy":"product_cat","embeddable":true,"href":"https:\/\/etreasaplace.ch\/en\/wp-json\/wp\/v2\/product_cat?post=778"},{"taxonomy":"product_tag","embeddable":true,"href":"https:\/\/etreasaplace.ch\/en\/wp-json\/wp\/v2\/product_tag?post=778"}],"curies":[{"name":"wp","href":"https:\/\/api.w.org\/{rel}","templated":true}]}}