{"id":768,"date":"2023-05-08T09:07:37","date_gmt":"2023-05-08T09:07:37","guid":{"rendered":"https:\/\/etreasaplace.ch\/en\/\/?post_type=product&#038;p=768"},"modified":"2024-07-24T09:45:29","modified_gmt":"2024-07-24T09:45:29","slug":"soin-equilibre","status":"publish","type":"product","link":"https:\/\/etreasaplace.ch\/en\/product\/soin-equilibre\/","title":{"rendered":"Soin \u00e9quilibre"},"content":{"rendered":"","protected":false},"excerpt":{"rendered":"<p>Ce soin invite \u00e0 l&#8217;affirmation de soi et \u00e0 explorer votre cr\u00e9ativit\u00e9. L&#8217;\u00e9quilibre du Yin et du Yang apporte un apaisement et une force int\u00e9rieure qui se traduit par plus de vitalit\u00e9 et de motivation au quotidien.<\/p>\n<p>La s\u00e9ance durent 2 H et se fait exclusivement en pr\u00e9sentiel avec Debbie et Mika. Veuillez prendre rendez-vous avant m\u00eame de payer une s\u00e9ance, appelez nous au +41(0)786150139<\/p>\n<p>Au plaisir de vous rencontrer. Debbie &amp; Mika<\/p>\n","protected":false},"featured_media":1269,"template":"","meta":[],"product_brand":[],"product_cat":[50],"product_tag":[],"class_list":{"0":"post-768","1":"product","2":"type-product","3":"status-publish","4":"has-post-thumbnail","6":"product_cat-soins","7":"entry","9":"first","10":"instock","11":"shipping-taxable","12":"purchasable","13":"product-type-simple"},"acf":[],"yoast_head":"<!-- This site is optimized with the Yoast SEO plugin v27.2 - https:\/\/yoast.com\/product\/yoast-seo-wordpress\/ -->\n<title>Soin \u00e9quilibre - Etre-a-sa-place<\/title>\n<meta name=\"robots\" content=\"noindex, follow, max-snippet:-1, max-image-preview:large, max-video-preview:-1\" \/>\n<meta property=\"og:locale\" content=\"en_US\" \/>\n<meta property=\"og:type\" content=\"article\" \/>\n<meta property=\"og:title\" content=\"Soin \u00e9quilibre - Etre-a-sa-place\" \/>\n<meta property=\"og:description\" content=\"Ce soin invite \u00e0 l&#039;affirmation de soi et \u00e0 explorer votre cr\u00e9ativit\u00e9. L&#039;\u00e9quilibre du Yin et du Yang apporte un apaisement et une force int\u00e9rieure qui se traduit par plus de vitalit\u00e9 et de motivation au quotidien.  La s\u00e9ance durent 2 H et se fait exclusivement en pr\u00e9sentiel avec Debbie et Mika. Veuillez prendre rendez-vous avant m\u00eame de payer une s\u00e9ance, appelez nous au +41(0)786150139  Au plaisir de vous rencontrer. Debbie &amp; Mika\" \/>\n<meta property=\"og:url\" content=\"https:\/\/etreasaplace.ch\/en\/product\/soin-equilibre\/\" \/>\n<meta property=\"og:site_name\" content=\"Etre-a-sa-place\" \/>\n<meta property=\"article:modified_time\" content=\"2024-07-24T09:45:29+00:00\" \/>\n<meta property=\"og:image\" content=\"https:\/\/etreasaplace.ch\/en\/wp-content\/uploads\/2024\/01\/IMG_6075-e1704716435727.jpg\" \/>\n\t<meta property=\"og:image:width\" content=\"640\" \/>\n\t<meta property=\"og:image:height\" content=\"419\" \/>\n\t<meta property=\"og:image:type\" content=\"image\/jpeg\" \/>\n<meta name=\"twitter:card\" content=\"summary_large_image\" \/>\n<script type=\"application\/ld+json\" class=\"yoast-schema-graph\">{\"@context\":\"https:\/\/schema.org\",\"@graph\":[{\"@type\":\"WebPage\",\"@id\":\"https:\/\/etreasaplace.ch\/en\/product\/soin-equilibre\/\",\"url\":\"https:\/\/etreasaplace.ch\/en\/product\/soin-equilibre\/\",\"name\":\"Soin \u00e9quilibre - Etre-a-sa-place\",\"isPartOf\":{\"@id\":\"https:\/\/etreasaplace.ch\/en\/#website\"},\"primaryImageOfPage\":{\"@id\":\"https:\/\/etreasaplace.ch\/en\/product\/soin-equilibre\/#primaryimage\"},\"image\":{\"@id\":\"https:\/\/etreasaplace.ch\/en\/product\/soin-equilibre\/#primaryimage\"},\"thumbnailUrl\":\"https:\/\/etreasaplace.ch\/en\/wp-content\/uploads\/2024\/01\/IMG_6075-e1704716435727.jpg\",\"datePublished\":\"2023-05-08T09:07:37+00:00\",\"dateModified\":\"2024-07-24T09:45:29+00:00\",\"breadcrumb\":{\"@id\":\"https:\/\/etreasaplace.ch\/en\/product\/soin-equilibre\/#breadcrumb\"},\"inLanguage\":\"en-US\",\"potentialAction\":[{\"@type\":\"ReadAction\",\"target\":[\"https:\/\/etreasaplace.ch\/en\/product\/soin-equilibre\/\"]}]},{\"@type\":\"ImageObject\",\"inLanguage\":\"en-US\",\"@id\":\"https:\/\/etreasaplace.ch\/en\/product\/soin-equilibre\/#primaryimage\",\"url\":\"https:\/\/etreasaplace.ch\/en\/wp-content\/uploads\/2024\/01\/IMG_6075-e1704716435727.jpg\",\"contentUrl\":\"https:\/\/etreasaplace.ch\/en\/wp-content\/uploads\/2024\/01\/IMG_6075-e1704716435727.jpg\",\"width\":640,\"height\":419,\"caption\":\"Harmonisation F\u00e9minin Masculin\"},{\"@type\":\"BreadcrumbList\",\"@id\":\"https:\/\/etreasaplace.ch\/en\/product\/soin-equilibre\/#breadcrumb\",\"itemListElement\":[{\"@type\":\"ListItem\",\"position\":1,\"name\":\"Home\",\"item\":\"https:\/\/etreasaplace.ch\/en\/\"},{\"@type\":\"ListItem\",\"position\":2,\"name\":\"Shop\",\"item\":\"https:\/\/etreasaplace.ch\/en\/?page_id=74\"},{\"@type\":\"ListItem\",\"position\":3,\"name\":\"Soin \u00e9quilibre\"}]},{\"@type\":\"WebSite\",\"@id\":\"https:\/\/etreasaplace.ch\/en\/#website\",\"url\":\"https:\/\/etreasaplace.ch\/en\/\",\"name\":\"Etre-a-sa-place\",\"description\":\"\",\"publisher\":{\"@id\":\"https:\/\/etreasaplace.ch\/en\/#organization\"},\"potentialAction\":[{\"@type\":\"SearchAction\",\"target\":{\"@type\":\"EntryPoint\",\"urlTemplate\":\"https:\/\/etreasaplace.ch\/en\/?s={search_term_string}\"},\"query-input\":{\"@type\":\"PropertyValueSpecification\",\"valueRequired\":true,\"valueName\":\"search_term_string\"}}],\"inLanguage\":\"en-US\"},{\"@type\":\"Organization\",\"@id\":\"https:\/\/etreasaplace.ch\/en\/#organization\",\"name\":\"Etre-a-sa-place\",\"url\":\"https:\/\/etreasaplace.ch\/en\/\",\"logo\":{\"@type\":\"ImageObject\",\"inLanguage\":\"en-US\",\"@id\":\"https:\/\/etreasaplace.ch\/en\/#\/schema\/logo\/image\/\",\"url\":\"https:\/\/etreasaplace.ch\/en\/wp-content\/uploads\/2023\/04\/logo-svg-1.jpg\",\"contentUrl\":\"https:\/\/etreasaplace.ch\/en\/wp-content\/uploads\/2023\/04\/logo-svg-1.jpg\",\"width\":400,\"height\":162,\"caption\":\"Etre-a-sa-place\"},\"image\":{\"@id\":\"https:\/\/etreasaplace.ch\/en\/#\/schema\/logo\/image\/\"}}]}<\/script>\n<!-- \/ Yoast SEO plugin. -->","yoast_head_json":{"title":"Soin \u00e9quilibre - Etre-a-sa-place","robots":{"index":"noindex","follow":"follow","max-snippet":"max-snippet:-1","max-image-preview":"max-image-preview:large","max-video-preview":"max-video-preview:-1"},"og_locale":"en_US","og_type":"article","og_title":"Soin \u00e9quilibre - Etre-a-sa-place","og_description":"Ce soin invite \u00e0 l'affirmation de soi et \u00e0 explorer votre cr\u00e9ativit\u00e9. L'\u00e9quilibre du Yin et du Yang apporte un apaisement et une force int\u00e9rieure qui se traduit par plus de vitalit\u00e9 et de motivation au quotidien.  La s\u00e9ance durent 2 H et se fait exclusivement en pr\u00e9sentiel avec Debbie et Mika. Veuillez prendre rendez-vous avant m\u00eame de payer une s\u00e9ance, appelez nous au +41(0)786150139  Au plaisir de vous rencontrer. Debbie &amp; Mika","og_url":"https:\/\/etreasaplace.ch\/en\/product\/soin-equilibre\/","og_site_name":"Etre-a-sa-place","article_modified_time":"2024-07-24T09:45:29+00:00","og_image":[{"width":640,"height":419,"url":"https:\/\/etreasaplace.ch\/en\/wp-content\/uploads\/2024\/01\/IMG_6075-e1704716435727.jpg","type":"image\/jpeg"}],"twitter_card":"summary_large_image","schema":{"@context":"https:\/\/schema.org","@graph":[{"@type":"WebPage","@id":"https:\/\/etreasaplace.ch\/en\/product\/soin-equilibre\/","url":"https:\/\/etreasaplace.ch\/en\/product\/soin-equilibre\/","name":"Soin \u00e9quilibre - Etre-a-sa-place","isPartOf":{"@id":"https:\/\/etreasaplace.ch\/en\/#website"},"primaryImageOfPage":{"@id":"https:\/\/etreasaplace.ch\/en\/product\/soin-equilibre\/#primaryimage"},"image":{"@id":"https:\/\/etreasaplace.ch\/en\/product\/soin-equilibre\/#primaryimage"},"thumbnailUrl":"https:\/\/etreasaplace.ch\/en\/wp-content\/uploads\/2024\/01\/IMG_6075-e1704716435727.jpg","datePublished":"2023-05-08T09:07:37+00:00","dateModified":"2024-07-24T09:45:29+00:00","breadcrumb":{"@id":"https:\/\/etreasaplace.ch\/en\/product\/soin-equilibre\/#breadcrumb"},"inLanguage":"en-US","potentialAction":[{"@type":"ReadAction","target":["https:\/\/etreasaplace.ch\/en\/product\/soin-equilibre\/"]}]},{"@type":"ImageObject","inLanguage":"en-US","@id":"https:\/\/etreasaplace.ch\/en\/product\/soin-equilibre\/#primaryimage","url":"https:\/\/etreasaplace.ch\/en\/wp-content\/uploads\/2024\/01\/IMG_6075-e1704716435727.jpg","contentUrl":"https:\/\/etreasaplace.ch\/en\/wp-content\/uploads\/2024\/01\/IMG_6075-e1704716435727.jpg","width":640,"height":419,"caption":"Harmonisation F\u00e9minin Masculin"},{"@type":"BreadcrumbList","@id":"https:\/\/etreasaplace.ch\/en\/product\/soin-equilibre\/#breadcrumb","itemListElement":[{"@type":"ListItem","position":1,"name":"Home","item":"https:\/\/etreasaplace.ch\/en\/"},{"@type":"ListItem","position":2,"name":"Shop","item":"https:\/\/etreasaplace.ch\/en\/?page_id=74"},{"@type":"ListItem","position":3,"name":"Soin \u00e9quilibre"}]},{"@type":"WebSite","@id":"https:\/\/etreasaplace.ch\/en\/#website","url":"https:\/\/etreasaplace.ch\/en\/","name":"Etre-a-sa-place","description":"","publisher":{"@id":"https:\/\/etreasaplace.ch\/en\/#organization"},"potentialAction":[{"@type":"SearchAction","target":{"@type":"EntryPoint","urlTemplate":"https:\/\/etreasaplace.ch\/en\/?s={search_term_string}"},"query-input":{"@type":"PropertyValueSpecification","valueRequired":true,"valueName":"search_term_string"}}],"inLanguage":"en-US"},{"@type":"Organization","@id":"https:\/\/etreasaplace.ch\/en\/#organization","name":"Etre-a-sa-place","url":"https:\/\/etreasaplace.ch\/en\/","logo":{"@type":"ImageObject","inLanguage":"en-US","@id":"https:\/\/etreasaplace.ch\/en\/#\/schema\/logo\/image\/","url":"https:\/\/etreasaplace.ch\/en\/wp-content\/uploads\/2023\/04\/logo-svg-1.jpg","contentUrl":"https:\/\/etreasaplace.ch\/en\/wp-content\/uploads\/2023\/04\/logo-svg-1.jpg","width":400,"height":162,"caption":"Etre-a-sa-place"},"image":{"@id":"https:\/\/etreasaplace.ch\/en\/#\/schema\/logo\/image\/"}}]}},"post_mailing_queue_ids":[],"_links":{"self":[{"href":"https:\/\/etreasaplace.ch\/en\/wp-json\/wp\/v2\/product\/768","targetHints":{"allow":["GET"]}}],"collection":[{"href":"https:\/\/etreasaplace.ch\/en\/wp-json\/wp\/v2\/product"}],"about":[{"href":"https:\/\/etreasaplace.ch\/en\/wp-json\/wp\/v2\/types\/product"}],"wp:featuredmedia":[{"embeddable":true,"href":"https:\/\/etreasaplace.ch\/en\/wp-json\/wp\/v2\/media\/1269"}],"wp:attachment":[{"href":"https:\/\/etreasaplace.ch\/en\/wp-json\/wp\/v2\/media?parent=768"}],"wp:term":[{"taxonomy":"product_brand","embeddable":true,"href":"https:\/\/etreasaplace.ch\/en\/wp-json\/wp\/v2\/product_brand?post=768"},{"taxonomy":"product_cat","embeddable":true,"href":"https:\/\/etreasaplace.ch\/en\/wp-json\/wp\/v2\/product_cat?post=768"},{"taxonomy":"product_tag","embeddable":true,"href":"https:\/\/etreasaplace.ch\/en\/wp-json\/wp\/v2\/product_tag?post=768"}],"curies":[{"name":"wp","href":"https:\/\/api.w.org\/{rel}","templated":true}]}}