{"id":5,"date":"2023-04-16T15:15:59","date_gmt":"2023-04-16T15:15:59","guid":{"rendered":"http:\/\/localhost\/etre-a-sa-place\/?page_id=5"},"modified":"2026-03-26T12:59:00","modified_gmt":"2026-03-26T12:59:00","slug":"home","status":"publish","type":"page","link":"https:\/\/etreasaplace.ch\/en\/","title":{"rendered":"Home"},"content":{"rendered":"<h3>\u00catre \u00e0 sa place<\/h3>\n<p class=\"para\"><strong>A transformational method that helps you make aligned decisions and take decisive action when it matters most:<\/strong><\/p>\n<p class=\"para\">\u2022 <\/strong>Clarifying personal crossroads <strong>\u2022 <\/strong>Advancing your career <strong>\u2022 <\/strong> Changing direction with purpose <strong>\u2022 <\/strong>Launching a business <strong>\u2022 <\/strong>Navigating a loss of meaning <strong>\u2022 <\/strong>Moving through major life transitions<\/p>\n<p class=\"para\">I help you reconnect with your inner center so you can:<\/p>\n<p class=\"para\"><strong>\u2022 Make aligned decisions \u2022 Act with clarity \u2022 Create with coherence and purpose.<\/strong><\/p>\n<p class=\"para\">&#8220;\u00catre \u00e0 sa place&#8221; becomes your compass in today\u2019s chaos and a powerful antidote to procrastination allowing you to move forward with clarity.<\/p>\n","protected":false},"excerpt":{"rendered":"<p>\u00catre \u00e0 sa place A transformational method that helps you make aligned decisions and take decisive action when it matters most: \u2022 Clarifying personal crossroads \u2022 Advancing your career \u2022 Changing direction with purpose \u2022 Launching a business \u2022 Navigating a loss of meaning \u2022 Moving through major life transitions I help you reconnect with&hellip; <a class=\"more-link\" href=\"https:\/\/etreasaplace.ch\/en\/\">Continue reading <span class=\"screen-reader-text\">Home<\/span><\/a><\/p>\n","protected":false},"author":1,"featured_media":2182,"parent":0,"menu_order":0,"comment_status":"closed","ping_status":"closed","template":"template-parts\/home.php","meta":{"footnotes":""},"class_list":["post-5","page","type-page","status-publish","has-post-thumbnail","hentry","entry"],"acf":[],"yoast_head":"<!-- This site is optimized with the Yoast SEO plugin v27.2 - https:\/\/yoast.com\/product\/yoast-seo-wordpress\/ -->\n<title>\u00catre \u00e0 sa place : Make aligned decisions and take the right actions<\/title>\n<meta name=\"description\" content=\"Discover the \u00catre \u00e0 sa place method to make aligned decisions, take the right actions, and find where you truly belong.\" \/>\n<meta name=\"robots\" content=\"noindex, follow, max-snippet:-1, max-image-preview:large, max-video-preview:-1\" \/>\n<meta property=\"og:locale\" content=\"en_US\" \/>\n<meta property=\"og:type\" content=\"article\" \/>\n<meta property=\"og:title\" content=\"\u00catre \u00e0 sa place : Make aligned decisions and take the right actions\" \/>\n<meta property=\"og:description\" content=\"Discover the \u00catre \u00e0 sa place method to make aligned decisions, take the right actions, and find where you truly belong.\" \/>\n<meta property=\"og:url\" content=\"https:\/\/etreasaplace.ch\/en\/\" \/>\n<meta property=\"og:site_name\" content=\"Etre-a-sa-place\" \/>\n<meta property=\"article:modified_time\" content=\"2026-03-26T12:59:00+00:00\" \/>\n<meta property=\"og:image\" content=\"https:\/\/etreasaplace.ch\/en\/wp-content\/uploads\/2026\/03\/Etre-a-sa-place-accueil.jpg\" \/>\n\t<meta property=\"og:image:width\" content=\"2445\" \/>\n\t<meta property=\"og:image:height\" content=\"1415\" \/>\n\t<meta property=\"og:image:type\" content=\"image\/jpeg\" \/>\n<meta name=\"twitter:card\" content=\"summary_large_image\" \/>\n<meta name=\"twitter:label1\" content=\"Est. reading time\" \/>\n\t<meta name=\"twitter:data1\" content=\"1 minute\" \/>\n<script type=\"application\/ld+json\" class=\"yoast-schema-graph\">{\"@context\":\"https:\/\/schema.org\",\"@graph\":[{\"@type\":\"WebPage\",\"@id\":\"https:\/\/etreasaplace.ch\/en\/\",\"url\":\"https:\/\/etreasaplace.ch\/en\/\",\"name\":\"\u00catre \u00e0 sa place : Make aligned decisions and take the right actions\",\"isPartOf\":{\"@id\":\"https:\/\/etreasaplace.ch\/en\/#website\"},\"primaryImageOfPage\":{\"@id\":\"https:\/\/etreasaplace.ch\/en\/#primaryimage\"},\"image\":{\"@id\":\"https:\/\/etreasaplace.ch\/en\/#primaryimage\"},\"thumbnailUrl\":\"https:\/\/etreasaplace.ch\/en\/wp-content\/uploads\/2026\/03\/Etre-a-sa-place-accueil.jpg\",\"datePublished\":\"2023-04-16T15:15:59+00:00\",\"dateModified\":\"2026-03-26T12:59:00+00:00\",\"description\":\"Discover the \u00catre \u00e0 sa place method to make aligned decisions, take the right actions, and find where you truly belong.\",\"breadcrumb\":{\"@id\":\"https:\/\/etreasaplace.ch\/en\/#breadcrumb\"},\"inLanguage\":\"en-US\",\"potentialAction\":[{\"@type\":\"ReadAction\",\"target\":[\"https:\/\/etreasaplace.ch\/en\/\"]}]},{\"@type\":\"ImageObject\",\"inLanguage\":\"en-US\",\"@id\":\"https:\/\/etreasaplace.ch\/en\/#primaryimage\",\"url\":\"https:\/\/etreasaplace.ch\/en\/wp-content\/uploads\/2026\/03\/Etre-a-sa-place-accueil.jpg\",\"contentUrl\":\"https:\/\/etreasaplace.ch\/en\/wp-content\/uploads\/2026\/03\/Etre-a-sa-place-accueil.jpg\",\"width\":2445,\"height\":1415,\"caption\":\"\u00catre \u00e0 sa place home\"},{\"@type\":\"BreadcrumbList\",\"@id\":\"https:\/\/etreasaplace.ch\/en\/#breadcrumb\",\"itemListElement\":[{\"@type\":\"ListItem\",\"position\":1,\"name\":\"Home\",\"item\":\"https:\/\/etreasaplace.ch\/en\/\"},{\"@type\":\"ListItem\",\"position\":2,\"name\":\"Home\"}]},{\"@type\":\"WebSite\",\"@id\":\"https:\/\/etreasaplace.ch\/en\/#website\",\"url\":\"https:\/\/etreasaplace.ch\/en\/\",\"name\":\"Etre-a-sa-place\",\"description\":\"\",\"publisher\":{\"@id\":\"https:\/\/etreasaplace.ch\/en\/#organization\"},\"potentialAction\":[{\"@type\":\"SearchAction\",\"target\":{\"@type\":\"EntryPoint\",\"urlTemplate\":\"https:\/\/etreasaplace.ch\/en\/?s={search_term_string}\"},\"query-input\":{\"@type\":\"PropertyValueSpecification\",\"valueRequired\":true,\"valueName\":\"search_term_string\"}}],\"inLanguage\":\"en-US\"},{\"@type\":\"Organization\",\"@id\":\"https:\/\/etreasaplace.ch\/en\/#organization\",\"name\":\"Etre-a-sa-place\",\"url\":\"https:\/\/etreasaplace.ch\/en\/\",\"logo\":{\"@type\":\"ImageObject\",\"inLanguage\":\"en-US\",\"@id\":\"https:\/\/etreasaplace.ch\/en\/#\/schema\/logo\/image\/\",\"url\":\"https:\/\/etreasaplace.ch\/en\/wp-content\/uploads\/2023\/04\/logo-svg-1.jpg\",\"contentUrl\":\"https:\/\/etreasaplace.ch\/en\/wp-content\/uploads\/2023\/04\/logo-svg-1.jpg\",\"width\":400,\"height\":162,\"caption\":\"Etre-a-sa-place\"},\"image\":{\"@id\":\"https:\/\/etreasaplace.ch\/en\/#\/schema\/logo\/image\/\"}}]}<\/script>\n<!-- \/ Yoast SEO plugin. -->","yoast_head_json":{"title":"\u00catre \u00e0 sa place : Make aligned decisions and take the right actions","description":"Discover the \u00catre \u00e0 sa place method to make aligned decisions, take the right actions, and find where you truly belong.","robots":{"index":"noindex","follow":"follow","max-snippet":"max-snippet:-1","max-image-preview":"max-image-preview:large","max-video-preview":"max-video-preview:-1"},"og_locale":"en_US","og_type":"article","og_title":"\u00catre \u00e0 sa place : Make aligned decisions and take the right actions","og_description":"Discover the \u00catre \u00e0 sa place method to make aligned decisions, take the right actions, and find where you truly belong.","og_url":"https:\/\/etreasaplace.ch\/en\/","og_site_name":"Etre-a-sa-place","article_modified_time":"2026-03-26T12:59:00+00:00","og_image":[{"width":2445,"height":1415,"url":"https:\/\/etreasaplace.ch\/en\/wp-content\/uploads\/2026\/03\/Etre-a-sa-place-accueil.jpg","type":"image\/jpeg"}],"twitter_card":"summary_large_image","twitter_misc":{"Est. reading time":"1 minute"},"schema":{"@context":"https:\/\/schema.org","@graph":[{"@type":"WebPage","@id":"https:\/\/etreasaplace.ch\/en\/","url":"https:\/\/etreasaplace.ch\/en\/","name":"\u00catre \u00e0 sa place : Make aligned decisions and take the right actions","isPartOf":{"@id":"https:\/\/etreasaplace.ch\/en\/#website"},"primaryImageOfPage":{"@id":"https:\/\/etreasaplace.ch\/en\/#primaryimage"},"image":{"@id":"https:\/\/etreasaplace.ch\/en\/#primaryimage"},"thumbnailUrl":"https:\/\/etreasaplace.ch\/en\/wp-content\/uploads\/2026\/03\/Etre-a-sa-place-accueil.jpg","datePublished":"2023-04-16T15:15:59+00:00","dateModified":"2026-03-26T12:59:00+00:00","description":"Discover the \u00catre \u00e0 sa place method to make aligned decisions, take the right actions, and find where you truly belong.","breadcrumb":{"@id":"https:\/\/etreasaplace.ch\/en\/#breadcrumb"},"inLanguage":"en-US","potentialAction":[{"@type":"ReadAction","target":["https:\/\/etreasaplace.ch\/en\/"]}]},{"@type":"ImageObject","inLanguage":"en-US","@id":"https:\/\/etreasaplace.ch\/en\/#primaryimage","url":"https:\/\/etreasaplace.ch\/en\/wp-content\/uploads\/2026\/03\/Etre-a-sa-place-accueil.jpg","contentUrl":"https:\/\/etreasaplace.ch\/en\/wp-content\/uploads\/2026\/03\/Etre-a-sa-place-accueil.jpg","width":2445,"height":1415,"caption":"\u00catre \u00e0 sa place home"},{"@type":"BreadcrumbList","@id":"https:\/\/etreasaplace.ch\/en\/#breadcrumb","itemListElement":[{"@type":"ListItem","position":1,"name":"Home","item":"https:\/\/etreasaplace.ch\/en\/"},{"@type":"ListItem","position":2,"name":"Home"}]},{"@type":"WebSite","@id":"https:\/\/etreasaplace.ch\/en\/#website","url":"https:\/\/etreasaplace.ch\/en\/","name":"Etre-a-sa-place","description":"","publisher":{"@id":"https:\/\/etreasaplace.ch\/en\/#organization"},"potentialAction":[{"@type":"SearchAction","target":{"@type":"EntryPoint","urlTemplate":"https:\/\/etreasaplace.ch\/en\/?s={search_term_string}"},"query-input":{"@type":"PropertyValueSpecification","valueRequired":true,"valueName":"search_term_string"}}],"inLanguage":"en-US"},{"@type":"Organization","@id":"https:\/\/etreasaplace.ch\/en\/#organization","name":"Etre-a-sa-place","url":"https:\/\/etreasaplace.ch\/en\/","logo":{"@type":"ImageObject","inLanguage":"en-US","@id":"https:\/\/etreasaplace.ch\/en\/#\/schema\/logo\/image\/","url":"https:\/\/etreasaplace.ch\/en\/wp-content\/uploads\/2023\/04\/logo-svg-1.jpg","contentUrl":"https:\/\/etreasaplace.ch\/en\/wp-content\/uploads\/2023\/04\/logo-svg-1.jpg","width":400,"height":162,"caption":"Etre-a-sa-place"},"image":{"@id":"https:\/\/etreasaplace.ch\/en\/#\/schema\/logo\/image\/"}}]}},"post_mailing_queue_ids":[],"_links":{"self":[{"href":"https:\/\/etreasaplace.ch\/en\/wp-json\/wp\/v2\/pages\/5","targetHints":{"allow":["GET"]}}],"collection":[{"href":"https:\/\/etreasaplace.ch\/en\/wp-json\/wp\/v2\/pages"}],"about":[{"href":"https:\/\/etreasaplace.ch\/en\/wp-json\/wp\/v2\/types\/page"}],"author":[{"embeddable":true,"href":"https:\/\/etreasaplace.ch\/en\/wp-json\/wp\/v2\/users\/1"}],"replies":[{"embeddable":true,"href":"https:\/\/etreasaplace.ch\/en\/wp-json\/wp\/v2\/comments?post=5"}],"version-history":[{"count":204,"href":"https:\/\/etreasaplace.ch\/en\/wp-json\/wp\/v2\/pages\/5\/revisions"}],"predecessor-version":[{"id":2195,"href":"https:\/\/etreasaplace.ch\/en\/wp-json\/wp\/v2\/pages\/5\/revisions\/2195"}],"wp:featuredmedia":[{"embeddable":true,"href":"https:\/\/etreasaplace.ch\/en\/wp-json\/wp\/v2\/media\/2182"}],"wp:attachment":[{"href":"https:\/\/etreasaplace.ch\/en\/wp-json\/wp\/v2\/media?parent=5"}],"curies":[{"name":"wp","href":"https:\/\/api.w.org\/{rel}","templated":true}]}}